{"id":6751,"date":"2025-01-04T03:22:19","date_gmt":"2025-01-04T00:22:19","guid":{"rendered":"https:\/\/www.detrupy.com\/?page_id=6751"},"modified":"2025-01-04T04:01:18","modified_gmt":"2025-01-04T01:01:18","slug":"gorsellestirme","status":"publish","type":"page","link":"https:\/\/www.detrupy.com\/index.php\/hizmetlerimiz\/gorsellestirme\/","title":{"rendered":"G\u00f6rselle\u015ftirme"},"content":{"rendered":"\t\t<div data-elementor-type=\"wp-page\" data-elementor-id=\"6751\" class=\"elementor elementor-6751\" data-elementor-post-type=\"page\">\n\t\t\t\t<div class=\"elementor-element elementor-element-cffb587 e-flex e-con-boxed e-con e-parent\" data-id=\"cffb587\" data-element_type=\"container\" data-e-type=\"container\" data-settings=\"{&quot;background_background&quot;:&quot;classic&quot;}\">\n\t\t\t\t\t<div class=\"e-con-inner\">\n\t\t<div class=\"elementor-element elementor-element-b5beb9a e-con-full e-flex e-con e-child\" data-id=\"b5beb9a\" data-element_type=\"container\" data-e-type=\"container\">\n\t\t\t\t<div class=\"elementor-element elementor-element-560a7c5 elementor-align-left elementor-widget elementor-widget-ot-btn\" data-id=\"560a7c5\" data-element_type=\"widget\" data-e-type=\"widget\" data-widget_type=\"ot-btn.default\">\n\t\t\t\t<div class=\"elementor-widget-container\">\n\t\t\t\t\t\t\t<div class=\"ot-button-wrapper\">\r\n\t\t\t<a href=\"https:\/\/www.detrupy.com\/index.php\/hizmetlerimiz\/tasarim\/\" class=\"octf-btn\">\r\n\t\t\t\tTasar\u0131m\t\t\t\t\t\t\t<\/a>\r\n\t    <\/div>\r\n\t    \t\t\t\t<\/div>\n\t\t\t\t<\/div>\n\t\t\t\t<div class=\"elementor-element elementor-element-b6a830a elementor-align-left elementor-widget elementor-widget-ot-btn\" data-id=\"b6a830a\" data-element_type=\"widget\" data-e-type=\"widget\" data-widget_type=\"ot-btn.default\">\n\t\t\t\t<div class=\"elementor-widget-container\">\n\t\t\t\t\t\t\t<div class=\"ot-button-wrapper\">\r\n\t\t\t<a href=\"https:\/\/www.detrupy.com\/index.php\/hizmetlerimiz\/gorsellestirme\/\" class=\"octf-btn\">\r\n\t\t\t\tG\u00f6rselle\u015ftirme\t\t\t\t\t\t\t<\/a>\r\n\t    <\/div>\r\n\t    \t\t\t\t<\/div>\n\t\t\t\t<\/div>\n\t\t\t\t<div class=\"elementor-element elementor-element-64387d0 elementor-align-left elementor-widget elementor-widget-ot-btn\" data-id=\"64387d0\" data-element_type=\"widget\" data-e-type=\"widget\" data-widget_type=\"ot-btn.default\">\n\t\t\t\t<div class=\"elementor-widget-container\">\n\t\t\t\t\t\t\t<div class=\"ot-button-wrapper\">\r\n\t\t\t<a href=\"https:\/\/www.detrupy.com\/index.php\/hizmetlerimiz\/uretim\/\" class=\"octf-btn\">\r\n\t\t\t\t\u00dcretim\t\t\t\t\t\t\t<\/a>\r\n\t    <\/div>\r\n\t    \t\t\t\t<\/div>\n\t\t\t\t<\/div>\n\t\t\t\t<div class=\"elementor-element elementor-element-b50912c elementor-align-left elementor-widget elementor-widget-ot-btn\" data-id=\"b50912c\" data-element_type=\"widget\" data-e-type=\"widget\" data-widget_type=\"ot-btn.default\">\n\t\t\t\t<div class=\"elementor-widget-container\">\n\t\t\t\t\t\t\t<div class=\"ot-button-wrapper\">\r\n\t\t\t<a href=\"https:\/\/www.detrupy.com\/index.php\/hizmetlerimiz\/proje-takibi\/\" class=\"octf-btn\">\r\n\t\t\t\tProje Takibi\t\t\t\t\t\t\t<\/a>\r\n\t    <\/div>\r\n\t    \t\t\t\t<\/div>\n\t\t\t\t<\/div>\n\t\t\t\t<\/div>\n\t\t<div class=\"elementor-element elementor-element-e1c14e6 e-con-full e-flex e-con e-child\" data-id=\"e1c14e6\" data-element_type=\"container\" data-e-type=\"container\">\n\t\t<div class=\"elementor-element elementor-element-0f221cb e-flex e-con-boxed e-con e-child\" data-id=\"0f221cb\" data-element_type=\"container\" data-e-type=\"container\">\n\t\t\t\t\t<div class=\"e-con-inner\">\n\t\t\t\t<div class=\"elementor-element elementor-element-c157d6f elementor-widget elementor-widget-text-editor\" data-id=\"c157d6f\" data-element_type=\"widget\" data-e-type=\"widget\" data-widget_type=\"text-editor.default\">\n\t\t\t\t<div class=\"elementor-widget-container\">\n\t\t\t\t\t\t\t\t\t<div class=\"flex max-w-full flex-col flex-grow\"><div class=\"min-h-8 text-message flex w-full flex-col items-end gap-2 whitespace-normal break-words text-start [.text-message+&amp;]:mt-5\" dir=\"auto\" data-message-author-role=\"assistant\" data-message-id=\"be98b5f7-e00c-44bc-84ce-d18331d7cf9c\" data-message-model-slug=\"gpt-4o\"><div class=\"flex w-full flex-col gap-1 empty:hidden first:pt-[3px]\"><div class=\"markdown prose w-full break-words dark:prose-invert light\"><p>Detrupy Design, i\u00e7 mekan tasar\u0131mlar\u0131n\u0131z\u0131 hayata ge\u00e7irmeden \u00f6nce hayallerinizi ger\u00e7e\u011fe d\u00f6n\u00fc\u015ft\u00fcren 3D g\u00f6rselle\u015ftirme hizmeti sunar. Bu hizmet, tasar\u0131m\u0131n her detay\u0131n\u0131 \u00f6nceden deneyimlemenizi sa\u011flayarak, projelerinizi daha somut ve etkileyici bir \u015fekilde g\u00f6rselle\u015ftirir. \u0130leri d\u00fczey yaz\u0131l\u0131mlar ve uzman ekip taraf\u0131ndan haz\u0131rlanan 3D modellemeler, mekan\u0131n renk, \u0131\u015f\u0131k, malzeme ve mobilya kombinasyonlar\u0131n\u0131 ger\u00e7e\u011fe en yak\u0131n \u015fekilde yans\u0131t\u0131r. Bu s\u00fcre\u00e7, m\u00fc\u015fterilere projeyi \u00f6nceden de\u011ferlendirme ve gerekli revizyonlar\u0131 h\u0131zl\u0131ca yapma imkan\u0131 sunar.<\/p><p>Detrupy Design\u2019\u0131n 3D g\u00f6rselle\u015ftirme hizmeti, sadece estetik bir bak\u0131\u015f a\u00e7\u0131s\u0131 sunmakla kalmaz, ayn\u0131 zamanda mekansal d\u00fczenlemelerin i\u015flevselli\u011fini anlamaya yard\u0131mc\u0131 olur. \u00d6zenle haz\u0131rlanan bu g\u00f6rseller, \u00f6zellikle bireysel m\u00fc\u015fterilerden ticari projelere kadar geni\u015f bir m\u00fc\u015fteri kitlesi i\u00e7in etkili bir ileti\u015fim arac\u0131 sa\u011flar. Detrupy Design ile gelecekteki mekan\u0131n\u0131z\u0131 ke\u015ffederken, projenizin her detay\u0131nda g\u00fcven ve profesyonellik hissini ya\u015fayacaks\u0131n\u0131z.<\/p><\/div><\/div><\/div><\/div>\t\t\t\t\t\t\t\t<\/div>\n\t\t\t\t<\/div>\n\t\t\t\t\t<\/div>\n\t\t\t\t<\/div>\n\t\t<div class=\"elementor-element elementor-element-abf6620 e-flex e-con-boxed e-con e-child\" data-id=\"abf6620\" data-element_type=\"container\" data-e-type=\"container\">\n\t\t\t\t\t<div class=\"e-con-inner\">\n\t\t\t\t<div class=\"elementor-element elementor-element-4f2c684 elementor-widget elementor-widget-image\" data-id=\"4f2c684\" data-element_type=\"widget\" data-e-type=\"widget\" data-widget_type=\"image.default\">\n\t\t\t\t<div class=\"elementor-widget-container\">\n\t\t\t\t\t\t\t\t\t\t\t\t\t\t\t<img fetchpriority=\"high\" decoding=\"async\" width=\"700\" height=\"350\" src=\"https:\/\/www.detrupy.com\/wp-content\/uploads\/2023\/11\/pic-blog-6.jpg\" class=\"attachment-full size-full wp-image-13\" alt=\"\" srcset=\"https:\/\/www.detrupy.com\/wp-content\/uploads\/2023\/11\/pic-blog-6.jpg 700w, https:\/\/www.detrupy.com\/wp-content\/uploads\/2023\/11\/pic-blog-6-300x150.jpg 300w\" sizes=\"(max-width: 700px) 100vw, 700px\" \/>\t\t\t\t\t\t\t\t\t\t\t\t\t\t\t<\/div>\n\t\t\t\t<\/div>\n\t\t\t\t<div class=\"elementor-element elementor-element-0e7be1d elementor-widget elementor-widget-image\" data-id=\"0e7be1d\" data-element_type=\"widget\" data-e-type=\"widget\" data-widget_type=\"image.default\">\n\t\t\t\t<div class=\"elementor-widget-container\">\n\t\t\t\t\t\t\t\t\t\t\t\t\t\t\t<img decoding=\"async\" width=\"700\" height=\"350\" src=\"https:\/\/www.detrupy.com\/wp-content\/uploads\/2023\/11\/pic-blog-3.jpg\" class=\"attachment-full size-full wp-image-17\" alt=\"\" srcset=\"https:\/\/www.detrupy.com\/wp-content\/uploads\/2023\/11\/pic-blog-3.jpg 700w, https:\/\/www.detrupy.com\/wp-content\/uploads\/2023\/11\/pic-blog-3-300x150.jpg 300w\" sizes=\"(max-width: 700px) 100vw, 700px\" \/>\t\t\t\t\t\t\t\t\t\t\t\t\t\t\t<\/div>\n\t\t\t\t<\/div>\n\t\t\t\t\t<\/div>\n\t\t\t\t<\/div>\n\t\t\t\t<\/div>\n\t\t\t\t\t<\/div>\n\t\t\t\t<\/div>\n\t\t<div class=\"elementor-element elementor-element-cb4e59a e-flex e-con-boxed e-con e-parent\" data-id=\"cb4e59a\" data-element_type=\"container\" data-e-type=\"container\" data-settings=\"{&quot;background_background&quot;:&quot;classic&quot;}\">\n\t\t\t\t\t<div class=\"e-con-inner\">\n\t\t\t\t<div class=\"elementor-element elementor-element-14307f9 elementor-align-center elementor-widget elementor-widget-ot-btn\" data-id=\"14307f9\" data-element_type=\"widget\" data-e-type=\"widget\" data-widget_type=\"ot-btn.default\">\n\t\t\t\t<div class=\"elementor-widget-container\">\n\t\t\t\t\t\t\t<div class=\"ot-button-wrapper\">\r\n\t\t\t<a href=\"https:\/\/www.detrupy.com\/index.php\/iletisim\/\" class=\"octf-btn with-icon\">\r\n\t\t\t\tBize Ula\u015f\u0131n\t\t\t\t\t\t\t\t\t<svg aria-hidden=\"true\" class=\"e-font-icon-svg e-fas-chevron-right\" viewBox=\"0 0 320 512\" xmlns=\"http:\/\/www.w3.org\/2000\/svg\"><path d=\"M285.476 272.971L91.132 467.314c-9.373 9.373-24.569 9.373-33.941 0l-22.667-22.667c-9.357-9.357-9.375-24.522-.04-33.901L188.505 256 34.484 101.255c-9.335-9.379-9.317-24.544.04-33.901l22.667-22.667c9.373-9.373 24.569-9.373 33.941 0L285.475 239.03c9.373 9.372 9.373 24.568.001 33.941z\"><\/path><\/svg>\t\t\t\t\t\t\t<\/a>\r\n\t    <\/div>\r\n\t    \t\t\t\t<\/div>\n\t\t\t\t<\/div>\n\t\t\t\t\t<\/div>\n\t\t\t\t<\/div>\n\t\t\t\t<\/div>\n\t\t","protected":false},"excerpt":{"rendered":"<p>Tasar\u0131m G\u00f6rselle\u015ftirme \u00dcretim Proje Takibi Detrupy Design, i\u00e7 mekan tasar\u0131mlar\u0131n\u0131z\u0131 hayata ge\u00e7irmeden \u00f6nce hayallerinizi ger\u00e7e\u011fe d\u00f6n\u00fc\u015ft\u00fcren 3D g\u00f6rselle\u015ftirme hizmeti sunar. Bu hizmet, tasar\u0131m\u0131n her detay\u0131n\u0131 \u00f6nceden deneyimlemenizi sa\u011flayarak, projelerinizi daha somut ve etkileyici bir \u015fekilde g\u00f6rselle\u015ftirir. \u0130leri d\u00fczey yaz\u0131l\u0131mlar ve uzman ekip taraf\u0131ndan haz\u0131rlanan 3D modellemeler, mekan\u0131n renk, \u0131\u015f\u0131k, malzeme ve mobilya kombinasyonlar\u0131n\u0131 ger\u00e7e\u011fe en [&hellip;]<\/p>\n","protected":false},"author":1,"featured_media":0,"parent":1803,"menu_order":0,"comment_status":"closed","ping_status":"closed","template":"","meta":{"footnotes":""},"class_list":["post-6751","page","type-page","status-publish","hentry"],"_links":{"self":[{"href":"https:\/\/www.detrupy.com\/index.php\/wp-json\/wp\/v2\/pages\/6751","targetHints":{"allow":["GET"]}}],"collection":[{"href":"https:\/\/www.detrupy.com\/index.php\/wp-json\/wp\/v2\/pages"}],"about":[{"href":"https:\/\/www.detrupy.com\/index.php\/wp-json\/wp\/v2\/types\/page"}],"author":[{"embeddable":true,"href":"https:\/\/www.detrupy.com\/index.php\/wp-json\/wp\/v2\/users\/1"}],"replies":[{"embeddable":true,"href":"https:\/\/www.detrupy.com\/index.php\/wp-json\/wp\/v2\/comments?post=6751"}],"version-history":[{"count":7,"href":"https:\/\/www.detrupy.com\/index.php\/wp-json\/wp\/v2\/pages\/6751\/revisions"}],"predecessor-version":[{"id":6801,"href":"https:\/\/www.detrupy.com\/index.php\/wp-json\/wp\/v2\/pages\/6751\/revisions\/6801"}],"up":[{"embeddable":true,"href":"https:\/\/www.detrupy.com\/index.php\/wp-json\/wp\/v2\/pages\/1803"}],"wp:attachment":[{"href":"https:\/\/www.detrupy.com\/index.php\/wp-json\/wp\/v2\/media?parent=6751"}],"curies":[{"name":"wp","href":"https:\/\/api.w.org\/{rel}","templated":true}]}}